{"id":5339,"date":"2023-12-04T08:41:48","date_gmt":"2023-12-04T08:41:48","guid":{"rendered":"https:\/\/moit.team\/?page_id=5339"},"modified":"2024-03-29T18:13:46","modified_gmt":"2024-03-29T17:13:46","slug":"referenzen","status":"publish","type":"page","link":"https:\/\/moit.consulting\/de\/referenzen\/","title":{"rendered":"Referenzen"},"content":{"rendered":"<p><div class=\"fusion-fullwidth fullwidth-box fusion-builder-row-1 fusion-flex-container nonhundred-percent-fullwidth non-hundred-percent-height-scrolling fusion-animated\" style=\"--awb-border-radius-top-left:0px;--awb-border-radius-top-right:0px;--awb-border-radius-bottom-right:0px;--awb-border-radius-bottom-left:0px;--awb-margin-bottom:120px;--awb-margin-bottom-medium:80px;--awb-margin-bottom-small:60px;--awb-flex-wrap:wrap;\" data-animationType=\"fadeInUp\" data-animationDuration=\"1.3\" data-animationOffset=\"top-into-view\" ><div class=\"fusion-builder-row fusion-row fusion-flex-align-items-flex-start fusion-flex-content-wrap\" style=\"max-width:1216.8px;margin-left: calc(-4% \/ 2 );margin-right: calc(-4% \/ 2 );\"><div class=\"fusion-layout-column fusion_builder_column fusion-builder-column-0 fusion_builder_column_1_3 1_3 fusion-flex-column\" style=\"--awb-bg-blend:overlay;--awb-bg-size:cover;--awb-width-large:33.333333333333%;--awb-margin-top-large:0px;--awb-spacing-right-large:4.608%;--awb-margin-bottom-large:0px;--awb-spacing-left-large:5.76%;--awb-width-medium:33.333333333333%;--awb-spacing-right-medium:4.608%;--awb-spacing-left-medium:5.76%;--awb-width-small:100%;--awb-spacing-right-small:1.92%;--awb-margin-bottom-small:15px;--awb-spacing-left-small:1.92%;\"><div class=\"fusion-column-wrapper fusion-flex-justify-content-flex-start fusion-content-layout-column\"><div class=\"fusion-title title fusion-title-1 fusion-title-text fusion-title-size-two\" style=\"--awb-margin-bottom:0px;--awb-margin-bottom-small:0px;\"><div class=\"title-sep-container title-sep-container-left fusion-no-large-visibility fusion-no-medium-visibility\"><div class=\"title-sep sep- sep-solid\" style=\"border-color:var(--awb-color3);\"><\/div><\/div><span class=\"awb-title-spacer fusion-no-large-visibility fusion-no-medium-visibility\"><\/span><h2 class=\"fusion-title-heading title-heading-left sm-text-align-center fusion-responsive-typography-calculated\" style=\"margin:0;text-transform:capitalize;--fontSize:42;line-height:var(--awb-typography1-line-height);\">Referenzen Energiebranche<\/h2><span class=\"awb-title-spacer\"><\/span><div class=\"title-sep-container title-sep-container-right\"><div class=\"title-sep sep- sep-solid\" style=\"border-color:var(--awb-color3);\"><\/div><\/div><\/div><\/div><\/div><div class=\"fusion-layout-column fusion_builder_column fusion-builder-column-1 fusion_builder_column_2_3 2_3 fusion-flex-column\" style=\"--awb-bg-blend:overlay;--awb-bg-size:cover;--awb-width-large:66.666666666667%;--awb-margin-top-large:0px;--awb-spacing-right-large:2.88%;--awb-margin-bottom-large:0px;--awb-spacing-left-large:5.76%;--awb-width-medium:66.666666666667%;--awb-spacing-right-medium:2.88%;--awb-spacing-left-medium:5.76%;--awb-width-small:100%;--awb-margin-top-small:40px;--awb-spacing-right-small:1.92%;--awb-spacing-left-small:1.92%;\"><div class=\"fusion-column-wrapper fusion-flex-justify-content-flex-start fusion-content-layout-column\"><div class=\"fusion-text fusion-text-1 fusion-text-no-margin\" style=\"--awb-text-color:var(--awb-color7);\"><ul>\n<li>Prozessdigitalisierung im Netzbetrieb \u2013 Entwicklung von Anwendungen in einer no-code Entwicklungsumgebung<\/li>\n<li>Entwicklung eines Umsetzungskonzepts zur Verbesserung des IT-Reifegrads<\/li>\n<li>Erstellung eines Masterplans zur Implementierung von Predictive Maintenance<\/li>\n<li>Prozessoptimierung \u201eDezentrale Einspeiseanlagen (DEA)\u201c<\/li>\n<li>Erhebung des IT-seitigen Anpassungsaufwands im Rahmen einer umfassenden Reorganisation<\/li>\n<li>Organisatorische Optimierung durch den Einsatz von Mobile-Workforce-Management. Zielsetzung war die Einf\u00fchrung einer mobilen Strategie als Leitlinie f\u00fcr die zuk\u00fcnftige mobile IT-Unterst\u00fctzung.<\/li>\n<li>Aufsetzung einer Strategie zur IT-Unterst\u00fctzung aller mobilen Einheiten<\/li>\n<li>Konzeption Einf\u00fchrung des Unternehmens- SharePoints und Einsatz von MS Teams<\/li>\n<li>Implementierung von Individualsoftware zur Optimierung des Netzanschlussprozesses<\/li>\n<li>Analyse der bestehenden Softwareunterst\u00fctzung f\u00fcr eine digitale Bauakte im Planungs- und Bauprozess<\/li>\n<li>Implementierung einer neuen EAM Software (SAP 4\/Hana)<\/li>\n<li>Organisatorische Implemen-tierung eines Mobile-Workforce Managements zur Effizienz-steigerung<\/li>\n<li>Umgestaltung der Asset-Service-Organisation mit Ausgestaltung des Workforce-Management-Systems<\/li>\n<li>Analyse der Situation des Messwesens und der Marktliberalisierung in Deutschland sowie der Auswirkungen auf die Marktteilnehmer in der Schweiz<\/li>\n<li>Vorqualifizierung und Auswahl der Anbieter von AIP-Software (Asset Investment Planning).<br \/>\nDies beinhaltete die detaillierte Marktrecherche auf Basis von Fachanforderungen und ein Shortlisting der Anbieter als Start f\u00fcr die darauffolgende Ausschreibungsphase<\/li>\n<li>Einf\u00fchrung Data Steward als Bindeglied zwischen IT und Business mit Rollendefinition und Festlegung des Handlungsrahmens<\/li>\n<li>IT-Anforderungsaufnahme f\u00fcr ein integriertes Portfolio- und Projektmanagementsystem mit Hilfe von Userstories<\/li>\n<li>Erstellung eines Grobkonzeptes f\u00fcr die Einf\u00fchrung eines Integrity Managements. Dabei wurden die relevanten Integrit\u00e4tsrisiken identifiziert, ein umfassendes Risikoregister erstellt, die Anforderungen an eine Modellierung der Risiken definiert und eine \u00dcbersicht potenzieller IT-L\u00f6sungen erstellt<\/li>\n<li>Analyse der Wasserbilanz und der Instandhaltungskosten, Ableitung der Grundlagen zur Optimierung der Instandhaltung des Trinkwassernetzes, Entwicklung des Assetmanagement Datenmodells zur Konsolidierung der Daten aus GIS, SAP PM und BIS, Abstimmung der Wasserbilanz und Wasserverlustanalyse mit SAP IS-U und Hydraulik<\/li>\n<li>Einf\u00fchrung einer KI-basierten Automatisierungsl\u00f6sung zur Z\u00e4hlerstandsverarbeitung<\/li>\n<\/ul>\n<\/div><\/div><\/div><\/div><\/div><div class=\"fusion-fullwidth fullwidth-box fusion-builder-row-2 fusion-flex-container nonhundred-percent-fullwidth non-hundred-percent-height-scrolling fusion-animated\" style=\"--awb-border-radius-top-left:0px;--awb-border-radius-top-right:0px;--awb-border-radius-bottom-right:0px;--awb-border-radius-bottom-left:0px;--awb-margin-bottom:120px;--awb-margin-bottom-medium:80px;--awb-margin-bottom-small:60px;--awb-flex-wrap:wrap;\" data-animationType=\"fadeInUp\" data-animationDuration=\"1.3\" data-animationOffset=\"top-into-view\" ><div class=\"fusion-builder-row fusion-row fusion-flex-align-items-flex-start fusion-flex-content-wrap\" style=\"max-width:1216.8px;margin-left: calc(-4% \/ 2 );margin-right: calc(-4% \/ 2 );\"><div class=\"fusion-layout-column fusion_builder_column fusion-builder-column-2 fusion_builder_column_1_1 1_1 fusion-flex-column\" style=\"--awb-bg-blend:overlay;--awb-bg-size:cover;--awb-width-large:100%;--awb-margin-top-large:0px;--awb-spacing-right-large:1.92%;--awb-margin-bottom-large:0px;--awb-spacing-left-large:3.84%;--awb-width-medium:100%;--awb-spacing-right-medium:1.92%;--awb-spacing-left-medium:3.84%;--awb-width-small:100%;--awb-margin-top-small:40px;--awb-spacing-right-small:1.92%;--awb-spacing-left-small:1.92%;\"><div class=\"fusion-column-wrapper fusion-flex-justify-content-flex-start fusion-content-layout-column\"><div class=\"fusion-separator fusion-full-width-sep\" style=\"align-self: center;margin-left: auto;margin-right: auto;width:100%;\"><div class=\"fusion-separator-border sep-shadow\" style=\"--awb-height:20px;--awb-amount:20px;background:radial-gradient(ellipse at 50% -50% , var(--awb-color2) 0px, rgba(255, 255, 255, 0) 80%) repeat scroll 0 0 rgba(0, 0, 0, 0);background:-webkit-radial-gradient(ellipse at 50% -50% , var(--awb-color2) 0px, rgba(255, 255, 255, 0) 80%) repeat scroll 0 0 rgba(0, 0, 0, 0);background:-moz-radial-gradient(ellipse at 50% -50% , var(--awb-color2) 0px, rgba(255, 255, 255, 0) 80%) repeat scroll 0 0 rgba(0, 0, 0, 0);background:-o-radial-gradient(ellipse at 50% -50% , var(--awb-color2) 0px, rgba(255, 255, 255, 0) 80%) repeat scroll 0 0 rgba(0, 0, 0, 0);\"><\/div><\/div><\/div><\/div><\/div><\/div><div class=\"fusion-fullwidth fullwidth-box fusion-builder-row-3 fusion-flex-container nonhundred-percent-fullwidth non-hundred-percent-height-scrolling fusion-animated\" style=\"--awb-border-radius-top-left:0px;--awb-border-radius-top-right:0px;--awb-border-radius-bottom-right:0px;--awb-border-radius-bottom-left:0px;--awb-margin-bottom:120px;--awb-margin-bottom-medium:80px;--awb-margin-bottom-small:60px;--awb-flex-wrap:wrap;\" data-animationType=\"fadeInUp\" data-animationDuration=\"1.3\" data-animationOffset=\"top-into-view\" ><div class=\"fusion-builder-row fusion-row fusion-flex-align-items-flex-start fusion-flex-content-wrap\" style=\"max-width:1216.8px;margin-left: calc(-4% \/ 2 );margin-right: calc(-4% \/ 2 );\"><div class=\"fusion-layout-column fusion_builder_column fusion-builder-column-3 fusion_builder_column_1_3 1_3 fusion-flex-column fusion-no-medium-visibility fusion-no-large-visibility\" style=\"--awb-bg-blend:overlay;--awb-bg-size:cover;--awb-width-large:33.333333333333%;--awb-margin-top-large:0px;--awb-spacing-right-large:4.608%;--awb-margin-bottom-large:0px;--awb-spacing-left-large:5.76%;--awb-width-medium:33.333333333333%;--awb-order-medium:0;--awb-spacing-right-medium:4.608%;--awb-spacing-left-medium:5.76%;--awb-width-small:100%;--awb-spacing-right-small:1.92%;--awb-margin-bottom-small:15px;--awb-spacing-left-small:1.92%;\"><div class=\"fusion-column-wrapper fusion-flex-justify-content-flex-start fusion-content-layout-column\"><div class=\"fusion-title title fusion-title-2 fusion-title-text fusion-title-size-two\" style=\"--awb-margin-bottom:0px;--awb-margin-bottom-small:0px;\"><div class=\"title-sep-container title-sep-container-left fusion-no-large-visibility fusion-no-medium-visibility\"><div class=\"title-sep sep- sep-solid\" style=\"border-color:var(--awb-color3);\"><\/div><\/div><span class=\"awb-title-spacer fusion-no-large-visibility fusion-no-medium-visibility\"><\/span><h2 class=\"fusion-title-heading title-heading-left sm-text-align-center fusion-responsive-typography-calculated\" style=\"margin:0;text-transform:capitalize;--fontSize:42;line-height:var(--awb-typography1-line-height);\">Referenzen IT Projekte<\/h2><span class=\"awb-title-spacer\"><\/span><div class=\"title-sep-container title-sep-container-right\"><div class=\"title-sep sep- sep-solid\" style=\"border-color:var(--awb-color3);\"><\/div><\/div><\/div><\/div><\/div><div class=\"fusion-layout-column fusion_builder_column fusion-builder-column-4 fusion_builder_column_2_3 2_3 fusion-flex-column\" style=\"--awb-bg-blend:overlay;--awb-bg-size:cover;--awb-width-large:66.666666666667%;--awb-margin-top-large:0px;--awb-spacing-right-large:2.88%;--awb-margin-bottom-large:0px;--awb-spacing-left-large:5.76%;--awb-width-medium:66.666666666667%;--awb-order-medium:1;--awb-spacing-right-medium:2.88%;--awb-spacing-left-medium:5.76%;--awb-width-small:100%;--awb-margin-top-small:40px;--awb-spacing-right-small:1.92%;--awb-spacing-left-small:1.92%;\"><div class=\"fusion-column-wrapper fusion-flex-justify-content-flex-start fusion-content-layout-column\"><div class=\"fusion-text fusion-text-2 fusion-text-no-margin\" style=\"--awb-text-color:var(--awb-color7);\"><ul>\n<li>Implementierung einer neuen Identity und Access Management Software und<br \/>\ninternationaler Rollout \u2013 Branche Banken &amp; Finanzdienstleistungen<\/li>\n<li>Implementierung und Umsetzung von Robotic Process Automation (RPA) L\u00f6sungen &#8211; Branche Telekommunikation, Energieversorgung, Logistik<\/li>\n<li>Design und Implementierung des neuen \u201eTarget Operating Model\u201c f\u00fcr den Bereich<br \/>\nInfrastructure Service Operations \u2013 Branche Banken &amp; Finanzdienstleistungen<\/li>\n<li>Reorganisation des \u201eManaged Service Model\u2018s\u201c zu einem \u201eRessource Pool Model\u201c in Zusammenarbeit mit einem Indischen Dienstleister \u2013 Branche Banken &amp; Finanzdienstleistungen<\/li>\n<li>Storage Migration auf eine neue Technologie in APAC und EMEA \u2013 Branche Banken &amp; Finanzdienstleistungen<\/li>\n<li>Aufbau Oracle Engineered Systems 6 Umgebungen in 2 L\u00e4ndern und 4 Standorten im Rahmen des Neuaufbaus der SWIFT Schnittstelle \u2013 Branche Banken &amp; Finanzdienstleistungen<\/li>\n<li>Aufbau einer Demand und Support Organisation im Rahmen eines konzern\u00fcbergreifenden Harmonisierungs- und Standardisierungsprojektes \u2013 Branche Handel<\/li>\n<\/ul>\n<\/div><\/div><\/div><div class=\"fusion-layout-column fusion_builder_column fusion-builder-column-5 fusion_builder_column_1_3 1_3 fusion-flex-column fusion-no-small-visibility\" style=\"--awb-bg-blend:overlay;--awb-bg-size:cover;--awb-width-large:33.333333333333%;--awb-margin-top-large:0px;--awb-spacing-right-large:4.608%;--awb-margin-bottom-large:0px;--awb-spacing-left-large:5.76%;--awb-width-medium:33.333333333333%;--awb-order-medium:0;--awb-spacing-right-medium:4.608%;--awb-spacing-left-medium:5.76%;--awb-width-small:100%;--awb-spacing-right-small:1.92%;--awb-margin-bottom-small:15px;--awb-spacing-left-small:1.92%;\"><div class=\"fusion-column-wrapper fusion-flex-justify-content-flex-start fusion-content-layout-column\"><div class=\"fusion-title title fusion-title-3 fusion-title-text fusion-title-size-two\" style=\"--awb-margin-bottom:0px;--awb-margin-bottom-small:0px;\"><div class=\"title-sep-container title-sep-container-left fusion-no-large-visibility fusion-no-medium-visibility\"><div class=\"title-sep sep- sep-solid\" style=\"border-color:var(--awb-color3);\"><\/div><\/div><span class=\"awb-title-spacer fusion-no-large-visibility fusion-no-medium-visibility\"><\/span><h2 class=\"fusion-title-heading title-heading-left sm-text-align-center fusion-responsive-typography-calculated\" style=\"margin:0;text-transform:capitalize;--fontSize:42;line-height:var(--awb-typography1-line-height);\">Referenzen IT Projekte<\/h2><span class=\"awb-title-spacer\"><\/span><div class=\"title-sep-container title-sep-container-right\"><div class=\"title-sep sep- sep-solid\" style=\"border-color:var(--awb-color3);\"><\/div><\/div><\/div><\/div><\/div><\/div><\/div><\/p>\n","protected":false},"excerpt":{"rendered":"","protected":false},"author":3,"featured_media":5365,"parent":0,"menu_order":0,"comment_status":"closed","ping_status":"closed","template":"100-width.php","meta":{"_acf_changed":false,"footnotes":""},"class_list":["post-5339","page","type-page","status-publish","has-post-thumbnail","hentry"],"acf":[],"_links":{"self":[{"href":"https:\/\/moit.consulting\/de\/wp-json\/wp\/v2\/pages\/5339","targetHints":{"allow":["GET"]}}],"collection":[{"href":"https:\/\/moit.consulting\/de\/wp-json\/wp\/v2\/pages"}],"about":[{"href":"https:\/\/moit.consulting\/de\/wp-json\/wp\/v2\/types\/page"}],"author":[{"embeddable":true,"href":"https:\/\/moit.consulting\/de\/wp-json\/wp\/v2\/users\/3"}],"replies":[{"embeddable":true,"href":"https:\/\/moit.consulting\/de\/wp-json\/wp\/v2\/comments?post=5339"}],"version-history":[{"count":14,"href":"https:\/\/moit.consulting\/de\/wp-json\/wp\/v2\/pages\/5339\/revisions"}],"predecessor-version":[{"id":5406,"href":"https:\/\/moit.consulting\/de\/wp-json\/wp\/v2\/pages\/5339\/revisions\/5406"}],"wp:featuredmedia":[{"embeddable":true,"href":"https:\/\/moit.consulting\/de\/wp-json\/wp\/v2\/media\/5365"}],"wp:attachment":[{"href":"https:\/\/moit.consulting\/de\/wp-json\/wp\/v2\/media?parent=5339"}],"curies":[{"name":"wp","href":"https:\/\/api.w.org\/{rel}","templated":true}]}}